{"id":33711,"date":"2022-10-19T14:12:36","date_gmt":"2022-10-19T14:12:36","guid":{"rendered":"https:\/\/hoiqs9jdk0.onrocket.site\/?page_id=33711"},"modified":"2026-04-01T20:01:06","modified_gmt":"2026-04-01T20:01:06","slug":"hemsida","status":"publish","type":"page","link":"https:\/\/www.doubleflow.com\/sv\/","title":{"rendered":"Hemsida"},"content":{"rendered":"<section class=\"wpb-content-wrapper\"><p>[vc_row el_class=&#8221;vc_hidden-lg vc_hidden-md vc_visible&#8221;][vc_column]\n            <div class=\"hero  background-overlay no-purple\">\n              <div class=\"pos-vc\">\n                <div class=\"container\">\n                  [vc_row_inner][vc_column_inner width=&#8221;1\/2&#8243;][vc_column_text]<\/p>\n<h2 style=\"text-align: center; font-size: 30px !important;\">Branschanpassade utbildningar inom Informationss\u00e4kerhet<\/h2>\n<p>[\/vc_column_text][\/vc_column_inner][vc_column_inner width=&#8221;1\/2&#8243;][vc_empty_space height=&#8221;50px&#8221;][vc_btn title=&#8221;Boka en demo&#8221; color=&#8221;white&#8221; size=&#8221;lg&#8221; align=&#8221;center&#8221; el_class=&#8221;sg-popup-id-40726&#8243;][\/vc_column_inner][\/vc_row_inner]\n                  <\/div>\n                <\/div>\n              <\/div>\n              <div class=\"background-image-holder\">\n                <img loading=\"lazy\" decoding=\"async\" width=\"1000\" height=\"1512\" src=\"https:\/\/www.doubleflow.com\/wp-content\/uploads\/2025\/08\/Security-Awareness-Training-for-Employees-1.jpg\" class=\"attachment-full size-full\" alt=\"Security Awareness Training for Employees\" srcset=\"https:\/\/www.doubleflow.com\/wp-content\/uploads\/2025\/08\/Security-Awareness-Training-for-Employees-1.jpg 1000w, https:\/\/www.doubleflow.com\/wp-content\/uploads\/2025\/08\/Security-Awareness-Training-for-Employees-1-198x300.jpg 198w, https:\/\/www.doubleflow.com\/wp-content\/uploads\/2025\/08\/Security-Awareness-Training-for-Employees-1-677x1024.jpg 677w, https:\/\/www.doubleflow.com\/wp-content\/uploads\/2025\/08\/Security-Awareness-Training-for-Employees-1-768x1161.jpg 768w\" sizes=\"auto, (max-width: 1000px) 100vw, 1000px\" \/>\n              <\/div>\n            <\/div>\n          [vc_empty_space height=&#8221;50px&#8221;][\/vc_column][\/vc_row][vc_row full_width=&#8221;stretch_row&#8221; el_class=&#8221;vc_hidden-sm vc_hidden-xs vc_visible&#8221;][vc_column]\n            <div class=\"hero  style-standard\">\n              <div class=\"pos-vc\">\n                <div class=\"container\">\n                  <div class=\"row\">\n                      <div class=\"col-sm-12\">[vc_empty_space height=&#8221;200px&#8221;][vc_row_inner][vc_column_inner width=&#8221;5\/6&#8243;][vc_empty_space height=&#8221;50px&#8221;][vc_column_text]<\/p>\n<h2 style=\"font-size: 67px; text-align: left;\">Skydda er mot<br \/>\nframtidens cyberhot<\/h2>\n<h1 style=\"font-size: 30px; text-align: left;\">Branschanpassade utbildningar inom Informationss\u00e4kerhet<\/h1>\n<p>[\/vc_column_text][\/vc_column_inner][vc_column_inner width=&#8221;1\/6&#8243;][\/vc_column_inner][\/vc_row_inner][vc_empty_space height=&#8221;40px&#8221;][vc_row_inner][vc_column_inner width=&#8221;1\/3&#8243;][\/vc_column_inner][vc_column_inner width=&#8221;1\/3&#8243;][\/vc_column_inner][vc_column_inner width=&#8221;1\/3&#8243;][\/vc_column_inner][\/vc_row_inner][vc_empty_space height=&#8221;300px&#8221;]<\/div>\n                  <\/div>\n                <\/div>\n              <\/div>\n              <div class=\"background-image-holder\" data-opacity=\"0.9\">\n                <img loading=\"lazy\" decoding=\"async\" width=\"1919\" height=\"1282\" src=\"https:\/\/www.doubleflow.com\/wp-content\/uploads\/2022\/05\/Onboarding-Platform-Small.jpg\" class=\"attachment-full size-full\" alt=\"Employee Onboarding Platform\" srcset=\"https:\/\/www.doubleflow.com\/wp-content\/uploads\/2022\/05\/Onboarding-Platform-Small.jpg 1919w, https:\/\/www.doubleflow.com\/wp-content\/uploads\/2022\/05\/Onboarding-Platform-Small-300x200.jpg 300w, https:\/\/www.doubleflow.com\/wp-content\/uploads\/2022\/05\/Onboarding-Platform-Small-1024x684.jpg 1024w, https:\/\/www.doubleflow.com\/wp-content\/uploads\/2022\/05\/Onboarding-Platform-Small-768x513.jpg 768w, https:\/\/www.doubleflow.com\/wp-content\/uploads\/2022\/05\/Onboarding-Platform-Small-1536x1026.jpg 1536w\" sizes=\"auto, (max-width: 1919px) 100vw, 1919px\" \/>\n              <\/div>\n            <\/div>\n          [\/vc_column][\/vc_row][vc_section el_class=&#8221;rounded-images&#8221;][vc_row][vc_column][vc_empty_space height=&#8221;50px&#8221;][\/vc_column][\/vc_row][vc_row ftw_align_center_row=&#8221;true&#8221; ftw_reverse_order=&#8221;true&#8221;][vc_column width=&#8221;1\/2&#8243; el_class=&#8221;rounded-images&#8221;][vc_single_image image=&#8221;41794&#8243; img_size=&#8221;full&#8221; ftw_cta_position=&#8221;center-left&#8221;][\/vc_column][vc_column width=&#8221;1\/2&#8243;][vc_column_text el_class=&#8221;vc_hidden-sm vc_hidden-xs&#8221;]<\/p>\n<h2 style=\"font-size: 35px !important; text-align: left;\">Doubleflow erbjuder interaktiva cybers\u00e4kerhetsutbildningar &#8211; skr\u00e4ddarsydda f\u00f6r er bransch.<\/h2>\n<p>[\/vc_column_text][vc_empty_space height=&#8221;50px&#8221; el_class=&#8221;vc_hidden-lg vc_hidden-md&#8221;][vc_column_text el_class=&#8221;vc_hidden-lg vc_hidden-md&#8221;]<\/p>\n<h2 style=\"font-size: 25px !important; text-align: left;\">Doubleflow erbjuder interaktiva cybers\u00e4kerhetsutbildningar &#8211; skr\u00e4ddarsydda f\u00f6r er bransch.<\/h2>\n<p>[\/vc_column_text][vc_empty_space height=&#8221;50px&#8221; el_class=&#8221;vc_hidden-lg vc_hidden-md&#8221;][\/vc_column][\/vc_row][\/vc_section][vc_section el_class=&#8221;rounded-images&#8221;][vc_row el_class=&#8221;vc_hidden-sm vc_hidden-xs&#8221;][vc_column width=&#8221;1\/6&#8243;][vc_single_image image=&#8221;42310&#8243; img_size=&#8221;full&#8221;][\/vc_column][vc_column width=&#8221;1\/6&#8243;][vc_single_image image=&#8221;41037&#8243; img_size=&#8221;full&#8221;][\/vc_column][vc_column width=&#8221;1\/6&#8243;][vc_single_image image=&#8221;42325&#8243; img_size=&#8221;full&#8221;][\/vc_column][vc_column width=&#8221;1\/6&#8243;][vc_single_image image=&#8221;42315&#8243; img_size=&#8221;full&#8221;][\/vc_column][vc_column width=&#8221;1\/6&#8243;][vc_single_image image=&#8221;42312&#8243; img_size=&#8221;full&#8221;][\/vc_column][vc_column width=&#8221;1\/6&#8243;][vc_single_image image=&#8221;41045&#8243; img_size=&#8221;full&#8221;][\/vc_column][\/vc_row][vc_row full_width=&#8221;stretch_row&#8221; el_class=&#8221;vc_hidden-lg vc_hidden-md&#8221;][vc_column][vc_single_image image=&#8221;42049&#8243; img_size=&#8221;full&#8221;][\/vc_column][\/vc_row][\/vc_section][vc_row el_class=&#8221;vc_hidden-sm vc_hidden-xs&#8221;][vc_column][vc_empty_space height=&#8221;100px&#8221;][\/vc_column][\/vc_row][vc_row][vc_column]\n\n            <div class=\"form-1-block form-block vc_panel\">\n\n                <div class=\"form-1-block-inner\" style=\"height:\">\n\n\n\n                    <div class=\"row\">\n\n                        <div class=\"col-lg-4 form-content\">\n                            <h4>Vill du veta mer?<\/h4>\n\n                            \n\n\n\n                            <div><script charset=\"utf-8\" type=\"text\/javascript\" src=\"\/\/js-eu1.hsforms.net\/forms\/embed\/v2.js\"><\/script>\r\n<script>\r\n  hbspt.forms.create({\r\n    portalId: \"143572013\",\r\n    formId: \"0a005df6-f9b1-4867-993f-6389db195c6f\"\r\n  });\r\n<\/script><\/div>\n\n                        <\/div>\n\n                    <\/div>\n\n                <\/div>\n\n                <div class=\"background-image-holder\"  data-opacity=\"\">\n\n                    <img loading=\"lazy\" decoding=\"async\" width=\"1920\" height=\"1280\" src=\"https:\/\/www.doubleflow.com\/wp-content\/uploads\/2024\/05\/Cyber-Security-Awareness-Training-1f.jpg\" class=\"attachment-full size-full\" alt=\"Phishing Awareness Training\" srcset=\"https:\/\/www.doubleflow.com\/wp-content\/uploads\/2024\/05\/Cyber-Security-Awareness-Training-1f.jpg 1920w, https:\/\/www.doubleflow.com\/wp-content\/uploads\/2024\/05\/Cyber-Security-Awareness-Training-1f-300x200.jpg 300w, https:\/\/www.doubleflow.com\/wp-content\/uploads\/2024\/05\/Cyber-Security-Awareness-Training-1f-1024x683.jpg 1024w, https:\/\/www.doubleflow.com\/wp-content\/uploads\/2024\/05\/Cyber-Security-Awareness-Training-1f-768x512.jpg 768w, https:\/\/www.doubleflow.com\/wp-content\/uploads\/2024\/05\/Cyber-Security-Awareness-Training-1f-1536x1024.jpg 1536w\" sizes=\"auto, (max-width: 1920px) 100vw, 1920px\" \/>\n                    <div class=\"content-wrapper \" style=\"max-width:%;\">\n                        \n                    <\/div>\n                <\/div>\n\n            <\/div>\n\n          [\/vc_column][\/vc_row][vc_row el_class=&#8221;vc_hidden-sm vc_hidden-xs&#8221;][vc_column][vc_empty_space height=&#8221;150px&#8221;][\/vc_column][\/vc_row][vc_row full_width=&#8221;stretch_row&#8221; el_class=&#8221;vc_hidden-lg vc_hidden-md&#8221;][vc_column]\n            <div class=\"hero  style-standard\">\n              <div class=\"pos-vc\">\n                <div class=\"container\">\n                  <div class=\"row\">\n                      <div class=\"col-sm-12\">[vc_column_text]<\/p>\n<h3 style=\"text-align: left;\">Om oss<\/h3>\n<p style=\"text-align: left;\">Doubleflow erbjuder engagerande, interaktiva cybers\u00e4kerhetsutbildningar f\u00f6r f\u00f6retag och och organisationer v\u00e4rlden \u00f6ver. Vi anv\u00e4nder gamification-mekanismer och en rad sp\u00e4nnande spelformat f\u00f6r att f\u00f6rmedla budskapet och \u00f6ka inl\u00e4rningen. Mer \u00e4n 1000 f\u00f6retag och +1 miljon anst\u00e4llda har anv\u00e4nt v\u00e5ra l\u00f6sningar, vilket ger oss en rekommendationsgrad p\u00e5 97 %.<\/p>\n<p>[\/vc_column_text]<\/div>\n                  <\/div>\n                <\/div>\n              <\/div>\n              <div class=\"background-image-holder\" data-opacity=\"\">\n                <img loading=\"lazy\" decoding=\"async\" width=\"2560\" height=\"840\" src=\"https:\/\/www.doubleflow.com\/wp-content\/uploads\/2023\/12\/cyber-security-awareness-training-8-1-scaled.jpg\" class=\"attachment-full size-full\" alt=\"doubleflow cyber security awareness training platform\" srcset=\"https:\/\/www.doubleflow.com\/wp-content\/uploads\/2023\/12\/cyber-security-awareness-training-8-1-scaled.jpg 2560w, https:\/\/www.doubleflow.com\/wp-content\/uploads\/2023\/12\/cyber-security-awareness-training-8-1-300x98.jpg 300w, https:\/\/www.doubleflow.com\/wp-content\/uploads\/2023\/12\/cyber-security-awareness-training-8-1-1024x336.jpg 1024w, https:\/\/www.doubleflow.com\/wp-content\/uploads\/2023\/12\/cyber-security-awareness-training-8-1-768x252.jpg 768w, https:\/\/www.doubleflow.com\/wp-content\/uploads\/2023\/12\/cyber-security-awareness-training-8-1-1536x504.jpg 1536w, https:\/\/www.doubleflow.com\/wp-content\/uploads\/2023\/12\/cyber-security-awareness-training-8-1-2048x672.jpg 2048w\" sizes=\"auto, (max-width: 2560px) 100vw, 2560px\" \/>\n              <\/div>\n            <\/div>\n          [\/vc_column][\/vc_row][vc_row full_width=&#8221;stretch_row&#8221; el_class=&#8221;vc_hidden-sm vc_hidden-xs&#8221;][vc_column]\n            <div class=\"hero  style-standard no-purple\">\n              <div class=\"pos-vc\">\n                <div class=\"container\">\n                  <div class=\"row\">\n                      <div class=\"col-sm-12\">[vc_row_inner][vc_column_inner width=&#8221;1\/2&#8243;][vc_column_text]<\/p>\n<h3 style=\"text-align: left;\">Om oss<\/h3>\n<p style=\"text-align: left;\">Doubleflow erbjuder engagerande, interaktiva cybers\u00e4kerhetsutbildningar f\u00f6r f\u00f6retag och och organisationer v\u00e4rlden \u00f6ver. Vi anv\u00e4nder gamification-mekanismer och en rad sp\u00e4nnande spelformat f\u00f6r att f\u00f6rmedla budskapet och \u00f6ka inl\u00e4rningen. Mer \u00e4n 1000 f\u00f6retag och +1 miljon anst\u00e4llda har anv\u00e4nt v\u00e5ra l\u00f6sningar, vilket ger oss en rekommendationsgrad p\u00e5 97 %. V\u00e5rt systerf\u00f6retag <span style=\"text-decoration: underline;\"><span style=\"color: #ffffff;\"><a style=\"color: #ffffff; text-decoration: underline;\" href=\"https:\/\/www.greenhatgames.com\/sv\/\" target=\"_blank\" rel=\"noopener\">Green Hat Games<\/a><\/span><\/span> \u00e4r specialister p\u00e5 att g\u00f6ra m\u00f6ten och internkommunikation mer engagerande med hj\u00e4lp av interaktiv teknik och spelmekanismer.<\/p>\n<p>[\/vc_column_text][\/vc_column_inner][vc_column_inner width=&#8221;1\/2&#8243;][\/vc_column_inner][\/vc_row_inner]<\/div>\n                  <\/div>\n                <\/div>\n              <\/div>\n              <div class=\"background-image-holder\" data-opacity=\"\">\n                <img loading=\"lazy\" decoding=\"async\" width=\"2560\" height=\"840\" src=\"https:\/\/www.doubleflow.com\/wp-content\/uploads\/2023\/12\/cyber-security-awareness-training-11-scaled.jpg\" class=\"attachment-full size-full\" alt=\"security awareness training platform\" srcset=\"https:\/\/www.doubleflow.com\/wp-content\/uploads\/2023\/12\/cyber-security-awareness-training-11-scaled.jpg 2560w, https:\/\/www.doubleflow.com\/wp-content\/uploads\/2023\/12\/cyber-security-awareness-training-11-300x98.jpg 300w, https:\/\/www.doubleflow.com\/wp-content\/uploads\/2023\/12\/cyber-security-awareness-training-11-1024x336.jpg 1024w, https:\/\/www.doubleflow.com\/wp-content\/uploads\/2023\/12\/cyber-security-awareness-training-11-768x252.jpg 768w, https:\/\/www.doubleflow.com\/wp-content\/uploads\/2023\/12\/cyber-security-awareness-training-11-1536x504.jpg 1536w, https:\/\/www.doubleflow.com\/wp-content\/uploads\/2023\/12\/cyber-security-awareness-training-11-2048x672.jpg 2048w\" sizes=\"auto, (max-width: 2560px) 100vw, 2560px\" \/>\n              <\/div>\n            <\/div>\n          [\/vc_column][\/vc_row]<\/p>\n<\/section>","protected":false},"excerpt":{"rendered":"<p>[vc_row el_class=&#8221;vc_hidden-lg vc_hidden-md vc_visible&#8221;][vc_column][vc_empty_space height=&#8221;50px&#8221;][\/vc_column][\/vc_row][vc_row full_width=&#8221;stretch_row&#8221; el_class=&#8221;vc_hidden-sm vc_hidden-xs vc_visible&#8221;][vc_column][\/vc_column][\/vc_row][vc_section el_class=&#8221;rounded-images&#8221;][vc_row][vc_column][vc_empty_space height=&#8221;50px&#8221;][\/vc_column][\/vc_row][vc_row ftw_align_center_row=&#8221;true&#8221; ftw_reverse_order=&#8221;true&#8221;][vc_column width=&#8221;1\/2&#8243; el_class=&#8221;rounded-images&#8221;][vc_single_image image=&#8221;41794&#8243; img_size=&#8221;full&#8221; ftw_cta_position=&#8221;center-left&#8221;][\/vc_column][vc_column width=&#8221;1\/2&#8243;][vc_column_text el_class=&#8221;vc_hidden-sm vc_hidden-xs&#8221;] Doubleflow erbjuder interaktiva cybers\u00e4kerhetsutbildningar &#8211; skr\u00e4ddarsydda f\u00f6r er bransch. [\/vc_column_text][vc_empty_space height=&#8221;50px&#8221; el_class=&#8221;vc_hidden-lg vc_hidden-md&#8221;][vc_column_text el_class=&#8221;vc_hidden-lg vc_hidden-md&#8221;] Doubleflow erbjuder interaktiva cybers\u00e4kerhetsutbildningar &#8211; skr\u00e4ddarsydda f\u00f6r er bransch. [\/vc_column_text][vc_empty_space height=&#8221;50px&#8221; el_class=&#8221;vc_hidden-lg vc_hidden-md&#8221;][\/vc_column][\/vc_row][\/vc_section][vc_section el_class=&#8221;rounded-images&#8221;][vc_row el_class=&#8221;vc_hidden-sm vc_hidden-xs&#8221;][vc_column width=&#8221;1\/6&#8243;][vc_single_image image=&#8221;42310&#8243; img_size=&#8221;full&#8221;][\/vc_column][vc_column width=&#8221;1\/6&#8243;][vc_single_image image=&#8221;41037&#8243; img_size=&#8221;full&#8221;][\/vc_column][vc_column width=&#8221;1\/6&#8243;][vc_single_image image=&#8221;42325&#8243;&#8230;<\/p>\n","protected":false},"author":1,"featured_media":41924,"parent":0,"menu_order":175,"comment_status":"closed","ping_status":"closed","template":"","meta":{"_acf_changed":false,"inline_featured_image":false,"footnotes":""},"class_list":["post-33711","page","type-page","status-publish","has-post-thumbnail","hentry"],"acf":[],"yoast_head":"<!-- This site is optimized with the Yoast SEO plugin v27.3 - https:\/\/yoast.com\/product\/yoast-seo-wordpress\/ -->\n<title>Doubleflow | Utbildning i Informationss\u00e4kerhet<\/title>\n<meta name=\"description\" content=\"Doubleflow erbjuder branschanpassade utbildningar och kurser i Informationss\u00e4kerhet f\u00f6r medarbetare.\" \/>\n<meta name=\"robots\" content=\"index, follow, max-snippet:-1, max-image-preview:large, max-video-preview:-1\" \/>\n<link rel=\"canonical\" href=\"https:\/\/www.doubleflow.com\/sv\/\" \/>\n<meta property=\"og:locale\" content=\"sv_SE\" \/>\n<meta property=\"og:type\" content=\"article\" \/>\n<meta property=\"og:title\" content=\"Doubleflow | Utbildning i Informationss\u00e4kerhet\" \/>\n<meta property=\"og:description\" content=\"Doubleflow erbjuder branschanpassade utbildningar och kurser i Informationss\u00e4kerhet f\u00f6r medarbetare.\" \/>\n<meta property=\"og:url\" content=\"https:\/\/www.doubleflow.com\/sv\/\" \/>\n<meta property=\"og:site_name\" content=\"Doubleflow\" \/>\n<meta property=\"article:modified_time\" content=\"2026-04-01T20:01:06+00:00\" \/>\n<meta property=\"og:image\" content=\"https:\/\/www.doubleflow.com\/wp-content\/uploads\/2026\/03\/Cyber-Security-Awareness-Training-9b.jpg\" \/>\n\t<meta property=\"og:image:width\" content=\"1920\" \/>\n\t<meta property=\"og:image:height\" content=\"1280\" \/>\n\t<meta property=\"og:image:type\" content=\"image\/jpeg\" \/>\n<meta name=\"twitter:card\" content=\"summary_large_image\" \/>\n<meta name=\"twitter:label1\" content=\"Ber\u00e4knad l\u00e4stid\" \/>\n\t<meta name=\"twitter:data1\" content=\"2 minuter\" \/>\n<script type=\"application\/ld+json\" class=\"yoast-schema-graph\">{\"@context\":\"https:\\\/\\\/schema.org\",\"@graph\":[{\"@type\":\"WebPage\",\"@id\":\"https:\\\/\\\/www.doubleflow.com\\\/sv\\\/\",\"url\":\"https:\\\/\\\/www.doubleflow.com\\\/sv\\\/\",\"name\":\"Doubleflow | Utbildning i Informationss\u00e4kerhet\",\"isPartOf\":{\"@id\":\"https:\\\/\\\/www.doubleflow.com\\\/#website\"},\"primaryImageOfPage\":{\"@id\":\"https:\\\/\\\/www.doubleflow.com\\\/sv\\\/#primaryimage\"},\"image\":{\"@id\":\"https:\\\/\\\/www.doubleflow.com\\\/sv\\\/#primaryimage\"},\"thumbnailUrl\":\"https:\\\/\\\/www.doubleflow.com\\\/wp-content\\\/uploads\\\/2026\\\/03\\\/Cyber-Security-Awareness-Training-9b.jpg\",\"datePublished\":\"2022-10-19T14:12:36+00:00\",\"dateModified\":\"2026-04-01T20:01:06+00:00\",\"description\":\"Doubleflow erbjuder branschanpassade utbildningar och kurser i Informationss\u00e4kerhet f\u00f6r medarbetare.\",\"breadcrumb\":{\"@id\":\"https:\\\/\\\/www.doubleflow.com\\\/sv\\\/#breadcrumb\"},\"inLanguage\":\"sv-SE\",\"potentialAction\":[{\"@type\":\"ReadAction\",\"target\":[\"https:\\\/\\\/www.doubleflow.com\\\/sv\\\/\"]}]},{\"@type\":\"ImageObject\",\"inLanguage\":\"sv-SE\",\"@id\":\"https:\\\/\\\/www.doubleflow.com\\\/sv\\\/#primaryimage\",\"url\":\"https:\\\/\\\/www.doubleflow.com\\\/wp-content\\\/uploads\\\/2026\\\/03\\\/Cyber-Security-Awareness-Training-9b.jpg\",\"contentUrl\":\"https:\\\/\\\/www.doubleflow.com\\\/wp-content\\\/uploads\\\/2026\\\/03\\\/Cyber-Security-Awareness-Training-9b.jpg\",\"width\":1920,\"height\":1280},{\"@type\":\"BreadcrumbList\",\"@id\":\"https:\\\/\\\/www.doubleflow.com\\\/sv\\\/#breadcrumb\",\"itemListElement\":[{\"@type\":\"ListItem\",\"position\":1,\"name\":\"Home\",\"item\":\"https:\\\/\\\/www.doubleflow.com\\\/sv\\\/\"},{\"@type\":\"ListItem\",\"position\":2,\"name\":\"Hemsida\"}]},{\"@type\":\"WebSite\",\"@id\":\"https:\\\/\\\/www.doubleflow.com\\\/#website\",\"url\":\"https:\\\/\\\/www.doubleflow.com\\\/\",\"name\":\"Doubleflow\",\"description\":\"Cybersecurity Awareness Training Platform\",\"publisher\":{\"@id\":\"https:\\\/\\\/www.doubleflow.com\\\/#organization\"},\"potentialAction\":[{\"@type\":\"SearchAction\",\"target\":{\"@type\":\"EntryPoint\",\"urlTemplate\":\"https:\\\/\\\/www.doubleflow.com\\\/?s={search_term_string}\"},\"query-input\":{\"@type\":\"PropertyValueSpecification\",\"valueRequired\":true,\"valueName\":\"search_term_string\"}}],\"inLanguage\":\"sv-SE\"},{\"@type\":\"Organization\",\"@id\":\"https:\\\/\\\/www.doubleflow.com\\\/#organization\",\"name\":\"Doubleflow\",\"url\":\"https:\\\/\\\/www.doubleflow.com\\\/\",\"logo\":{\"@type\":\"ImageObject\",\"inLanguage\":\"sv-SE\",\"@id\":\"https:\\\/\\\/www.doubleflow.com\\\/#\\\/schema\\\/logo\\\/image\\\/\",\"url\":\"https:\\\/\\\/www.doubleflow.com\\\/wp-content\\\/uploads\\\/2022\\\/06\\\/Black-Full-Logo-01.svg\",\"contentUrl\":\"https:\\\/\\\/www.doubleflow.com\\\/wp-content\\\/uploads\\\/2022\\\/06\\\/Black-Full-Logo-01.svg\",\"width\":\"1024\",\"height\":\"1024\",\"caption\":\"Doubleflow\"},\"image\":{\"@id\":\"https:\\\/\\\/www.doubleflow.com\\\/#\\\/schema\\\/logo\\\/image\\\/\"},\"sameAs\":[\"https:\\\/\\\/www.linkedin.com\\\/company\\\/doubleflow\\\/\"]}]}<\/script>\n<!-- \/ Yoast SEO plugin. -->","yoast_head_json":{"title":"Doubleflow | Utbildning i Informationss\u00e4kerhet","description":"Doubleflow erbjuder branschanpassade utbildningar och kurser i Informationss\u00e4kerhet f\u00f6r medarbetare.","robots":{"index":"index","follow":"follow","max-snippet":"max-snippet:-1","max-image-preview":"max-image-preview:large","max-video-preview":"max-video-preview:-1"},"canonical":"https:\/\/www.doubleflow.com\/sv\/","og_locale":"sv_SE","og_type":"article","og_title":"Doubleflow | Utbildning i Informationss\u00e4kerhet","og_description":"Doubleflow erbjuder branschanpassade utbildningar och kurser i Informationss\u00e4kerhet f\u00f6r medarbetare.","og_url":"https:\/\/www.doubleflow.com\/sv\/","og_site_name":"Doubleflow","article_modified_time":"2026-04-01T20:01:06+00:00","og_image":[{"width":1920,"height":1280,"url":"https:\/\/www.doubleflow.com\/wp-content\/uploads\/2026\/03\/Cyber-Security-Awareness-Training-9b.jpg","type":"image\/jpeg"}],"twitter_card":"summary_large_image","twitter_misc":{"Ber\u00e4knad l\u00e4stid":"2 minuter"},"schema":{"@context":"https:\/\/schema.org","@graph":[{"@type":"WebPage","@id":"https:\/\/www.doubleflow.com\/sv\/","url":"https:\/\/www.doubleflow.com\/sv\/","name":"Doubleflow | Utbildning i Informationss\u00e4kerhet","isPartOf":{"@id":"https:\/\/www.doubleflow.com\/#website"},"primaryImageOfPage":{"@id":"https:\/\/www.doubleflow.com\/sv\/#primaryimage"},"image":{"@id":"https:\/\/www.doubleflow.com\/sv\/#primaryimage"},"thumbnailUrl":"https:\/\/www.doubleflow.com\/wp-content\/uploads\/2026\/03\/Cyber-Security-Awareness-Training-9b.jpg","datePublished":"2022-10-19T14:12:36+00:00","dateModified":"2026-04-01T20:01:06+00:00","description":"Doubleflow erbjuder branschanpassade utbildningar och kurser i Informationss\u00e4kerhet f\u00f6r medarbetare.","breadcrumb":{"@id":"https:\/\/www.doubleflow.com\/sv\/#breadcrumb"},"inLanguage":"sv-SE","potentialAction":[{"@type":"ReadAction","target":["https:\/\/www.doubleflow.com\/sv\/"]}]},{"@type":"ImageObject","inLanguage":"sv-SE","@id":"https:\/\/www.doubleflow.com\/sv\/#primaryimage","url":"https:\/\/www.doubleflow.com\/wp-content\/uploads\/2026\/03\/Cyber-Security-Awareness-Training-9b.jpg","contentUrl":"https:\/\/www.doubleflow.com\/wp-content\/uploads\/2026\/03\/Cyber-Security-Awareness-Training-9b.jpg","width":1920,"height":1280},{"@type":"BreadcrumbList","@id":"https:\/\/www.doubleflow.com\/sv\/#breadcrumb","itemListElement":[{"@type":"ListItem","position":1,"name":"Home","item":"https:\/\/www.doubleflow.com\/sv\/"},{"@type":"ListItem","position":2,"name":"Hemsida"}]},{"@type":"WebSite","@id":"https:\/\/www.doubleflow.com\/#website","url":"https:\/\/www.doubleflow.com\/","name":"Doubleflow","description":"Cybersecurity Awareness Training Platform","publisher":{"@id":"https:\/\/www.doubleflow.com\/#organization"},"potentialAction":[{"@type":"SearchAction","target":{"@type":"EntryPoint","urlTemplate":"https:\/\/www.doubleflow.com\/?s={search_term_string}"},"query-input":{"@type":"PropertyValueSpecification","valueRequired":true,"valueName":"search_term_string"}}],"inLanguage":"sv-SE"},{"@type":"Organization","@id":"https:\/\/www.doubleflow.com\/#organization","name":"Doubleflow","url":"https:\/\/www.doubleflow.com\/","logo":{"@type":"ImageObject","inLanguage":"sv-SE","@id":"https:\/\/www.doubleflow.com\/#\/schema\/logo\/image\/","url":"https:\/\/www.doubleflow.com\/wp-content\/uploads\/2022\/06\/Black-Full-Logo-01.svg","contentUrl":"https:\/\/www.doubleflow.com\/wp-content\/uploads\/2022\/06\/Black-Full-Logo-01.svg","width":"1024","height":"1024","caption":"Doubleflow"},"image":{"@id":"https:\/\/www.doubleflow.com\/#\/schema\/logo\/image\/"},"sameAs":["https:\/\/www.linkedin.com\/company\/doubleflow\/"]}]}},"_links":{"self":[{"href":"https:\/\/www.doubleflow.com\/sv\/wp-json\/wp\/v2\/pages\/33711","targetHints":{"allow":["GET"]}}],"collection":[{"href":"https:\/\/www.doubleflow.com\/sv\/wp-json\/wp\/v2\/pages"}],"about":[{"href":"https:\/\/www.doubleflow.com\/sv\/wp-json\/wp\/v2\/types\/page"}],"author":[{"embeddable":true,"href":"https:\/\/www.doubleflow.com\/sv\/wp-json\/wp\/v2\/users\/1"}],"replies":[{"embeddable":true,"href":"https:\/\/www.doubleflow.com\/sv\/wp-json\/wp\/v2\/comments?post=33711"}],"version-history":[{"count":63,"href":"https:\/\/www.doubleflow.com\/sv\/wp-json\/wp\/v2\/pages\/33711\/revisions"}],"predecessor-version":[{"id":42623,"href":"https:\/\/www.doubleflow.com\/sv\/wp-json\/wp\/v2\/pages\/33711\/revisions\/42623"}],"wp:featuredmedia":[{"embeddable":true,"href":"https:\/\/www.doubleflow.com\/sv\/wp-json\/wp\/v2\/media\/41924"}],"wp:attachment":[{"href":"https:\/\/www.doubleflow.com\/sv\/wp-json\/wp\/v2\/media?parent=33711"}],"curies":[{"name":"wp","href":"https:\/\/api.w.org\/{rel}","templated":true}]}}