{"id":42277,"date":"2024-07-09T05:58:09","date_gmt":"2024-07-09T05:58:09","guid":{"rendered":"https:\/\/www.doubleflow.com\/demo-video\/"},"modified":"2026-03-18T15:30:31","modified_gmt":"2026-03-18T15:30:31","slug":"demo-video","status":"publish","type":"page","link":"https:\/\/www.doubleflow.com\/sv\/demo-video\/","title":{"rendered":"Demo Video"},"content":{"rendered":"<section class=\"wpb-content-wrapper\"><p>[vc_section el_class=&#8221;vc_hidden-sm vc_hidden-xs rounded-images&#8221;][vc_row][vc_column][vc_column_text]<\/p>\n<h1 style=\"text-align: center;\">Se v\u00e5ra videos<\/h1>\n<p>[\/vc_column_text][\/vc_column][\/vc_row][vc_row][vc_column][vc_raw_html]JTNDZGl2JTIwc3R5bGUlM0QlMjJwYWRkaW5nJTNBNTYuMjUlMjUlMjAwJTIwMCUyMDAlM0Jwb3NpdGlvbiUzQXJlbGF0aXZlJTNCJTIyJTNFJTNDaWZyYW1lJTIwc3JjJTNEJTIyaHR0cHMlM0ElMkYlMkZwbGF5ZXIudmltZW8uY29tJTJGdmlkZW8lMkYxMTY5OTE2MDgyJTNGaCUzRGE4YmYzNDBiMWMlMjZhbXAlM0JiYWRnZSUzRDAlMjZhbXAlM0JhdXRvcGF1c2UlM0QwJTI2YW1wJTNCcGxheWVyX2lkJTNEMCUyNmFtcCUzQmFwcF9pZCUzRDU4NDc5JTIyJTIwZnJhbWVib3JkZXIlM0QlMjIwJTIyJTIwYWxsb3clM0QlMjJhdXRvcGxheSUzQiUyMGZ1bGxzY3JlZW4lM0IlMjBwaWN0dXJlLWluLXBpY3R1cmUlM0IlMjBjbGlwYm9hcmQtd3JpdGUlM0IlMjBlbmNyeXB0ZWQtbWVkaWElM0IlMjB3ZWItc2hhcmUlMjIlMjByZWZlcnJlcnBvbGljeSUzRCUyMnN0cmljdC1vcmlnaW4td2hlbi1jcm9zcy1vcmlnaW4lMjIlMjBzdHlsZSUzRCUyMnBvc2l0aW9uJTNBYWJzb2x1dGUlM0J0b3AlM0EwJTNCbGVmdCUzQTAlM0J3aWR0aCUzQTEwMCUyNSUzQmhlaWdodCUzQTEwMCUyNSUzQiUyMiUyMHRpdGxlJTNEJTIyVXRiaWxkbmluZ2FyJTIwaSUyMEluZm9ybWF0aW9uc3MlQzMlQTRrZXJoZXQlMjBmJUMzJUI2ciUyMGFuc3QlQzMlQTRsbGRhJTIyJTNFJTNDJTJGaWZyYW1lJTNFJTNDJTJGZGl2JTNFJTNDc2NyaXB0JTIwc3JjJTNEJTIyaHR0cHMlM0ElMkYlMkZwbGF5ZXIudmltZW8uY29tJTJGYXBpJTJGcGxheWVyLmpzJTIyJTNFJTNDJTJGc2NyaXB0JTNF[\/vc_raw_html][\/vc_column][\/vc_row][vc_row][vc_column][vc_empty_space height=&#8221;50px&#8221;][\/vc_column][\/vc_row][vc_row][vc_column][vc_column_text]<\/p>\n<p style=\"text-align: center;\"><iframe loading=\"lazy\" title=\"YouTube video player\" src=\"https:\/\/www.youtube-nocookie.com\/embed\/BVjp6Yt-PPA?si=4Wm2M4Gkljd86Puv\" width=\"1024px\" height=\"576px\" frameborder=\"0\" allowfullscreen=\"allowfullscreen\"><\/iframe><\/p>\n<p>[\/vc_column_text][\/vc_column][\/vc_row][\/vc_section][vc_section el_class=&#8221;vc_hidden-lg vc_hidden-md&#8221;][vc_row][vc_column][vc_empty_space][\/vc_column][\/vc_row][vc_row][vc_column][vc_column_text]<\/p>\n<p style=\"text-align: center;\"><iframe title=\"YouTube video player\" src=\"https:\/\/www.youtube.com\/embed\/4sN0plQdAEM?si=42HiFA-SGFfQN7kG\" height=\"100%\" frameborder=\"0\" allowfullscreen=\"allowfullscreen\"><\/iframe><\/p>\n<p>[\/vc_column_text][\/vc_column][\/vc_row][vc_row][vc_column][vc_empty_space][\/vc_column][\/vc_row][vc_row][vc_column][vc_column_text]<\/p>\n<p style=\"text-align: center;\"><iframe title=\"YouTube video player\" src=\"https:\/\/www.youtube-nocookie.com\/embed\/BVjp6Yt-PPA?si=4Wm2M4Gkljd86Puv\" height=\"100%\" frameborder=\"0\" allowfullscreen=\"allowfullscreen\"><\/iframe><\/p>\n<p>[\/vc_column_text][\/vc_column][\/vc_row][vc_row][vc_column][vc_empty_space height=&#8221;25px&#8221;][\/vc_column][\/vc_row][\/vc_section][vc_section][vc_row][vc_column]\n\n            <div class=\"form-1-block form-block vc_panel\">\n\n                <div class=\"form-1-block-inner\" style=\"height:\">\n\n\n\n                    <div class=\"row\">\n\n                        <div class=\"col-lg-4 form-content\">\n                            <h4>Book a demo<\/h4>\n\n                            \n\n\n\n                            <div><script charset=\"utf-8\" type=\"text\/javascript\" src=\"\/\/js-eu1.hsforms.net\/forms\/embed\/v2.js\"><\/script>\r\n<script>\r\n  hbspt.forms.create({\r\n    portalId: \"143572013\",\r\n    formId: \"0a005df6-f9b1-4867-993f-6389db195c6f\"\r\n  });\r\n<\/script><\/div>\n\n                        <\/div>\n\n                    <\/div>\n\n                <\/div>\n\n                <div class=\"background-image-holder\"  data-opacity=\"\">\n\n                    <img loading=\"lazy\" decoding=\"async\" width=\"1920\" height=\"1280\" src=\"https:\/\/www.doubleflow.com\/wp-content\/uploads\/2023\/11\/Cyber-Security-4b.jpg\" class=\"attachment-full size-full\" alt=\"Cyber Security Awareness Training Game\" srcset=\"https:\/\/www.doubleflow.com\/wp-content\/uploads\/2023\/11\/Cyber-Security-4b.jpg 1920w, https:\/\/www.doubleflow.com\/wp-content\/uploads\/2023\/11\/Cyber-Security-4b-300x200.jpg 300w, https:\/\/www.doubleflow.com\/wp-content\/uploads\/2023\/11\/Cyber-Security-4b-1024x683.jpg 1024w, https:\/\/www.doubleflow.com\/wp-content\/uploads\/2023\/11\/Cyber-Security-4b-768x512.jpg 768w, https:\/\/www.doubleflow.com\/wp-content\/uploads\/2023\/11\/Cyber-Security-4b-1536x1024.jpg 1536w\" sizes=\"auto, (max-width: 1920px) 100vw, 1920px\" \/>\n                    <div class=\"content-wrapper \" style=\"max-width:%;\">\n                        \n                    <\/div>\n                <\/div>\n\n            <\/div>\n\n          [\/vc_column][\/vc_row][\/vc_section][vc_section ftw_bg_colour=&#8221;bg&#8211;grey&#8221; el_class=&#8221;rounded-image&#8221;][vc_row full_width=&#8221;stretch_row&#8221; el_class=&#8221;vc_hidden-sm vc_hidden-xs rounded-images&#8221;][vc_column]\n            <div class=\"hero  style-standard no-purple\">\n              <div class=\"pos-vc\">\n                <div class=\"container\">\n                  <div class=\"row\">\n                      <div class=\"col-sm-12\">[vc_row_inner][vc_column_inner width=&#8221;1\/4&#8243;][vc_btn title=&#8221;Book a demo&#8221; color=&#8221;white&#8221; size=&#8221;lg&#8221; align=&#8221;center&#8221; el_class=&#8221;sg-popup-id-40726&#8243;][\/vc_column_inner][vc_column_inner width=&#8221;1\/4&#8243;][\/vc_column_inner][vc_column_inner width=&#8221;1\/4&#8243;][\/vc_column_inner][vc_column_inner width=&#8221;1\/4&#8243;][\/vc_column_inner][\/vc_row_inner][vc_empty_space height=&#8221;20px&#8221;][vc_row_inner][vc_column_inner width=&#8221;1\/2&#8243;][vc_column_text]<\/p>\n<h2><span style=\"color: #ffffff;\">&#8221;Great way to learn cyber security. Kudos to the team that built this!&#8221;<\/span><\/h2>\n<p>\u2013 Global Oil & Gas company[\/vc_column_text][\/vc_column_inner][vc_column_inner width=&#8221;1\/2&#8243;][\/vc_column_inner][\/vc_row_inner]<\/div>\n                  <\/div>\n                <\/div>\n              <\/div>\n              <div class=\"background-image-holder\" data-opacity=\"\">\n                <img loading=\"lazy\" decoding=\"async\" width=\"2560\" height=\"840\" src=\"https:\/\/www.doubleflow.com\/wp-content\/uploads\/2023\/11\/cyber-security-awareness-training-5-1-scaled.jpg\" class=\"attachment-full size-full\" alt=\"cyber security awareness training\" srcset=\"https:\/\/www.doubleflow.com\/wp-content\/uploads\/2023\/11\/cyber-security-awareness-training-5-1-scaled.jpg 2560w, https:\/\/www.doubleflow.com\/wp-content\/uploads\/2023\/11\/cyber-security-awareness-training-5-1-300x98.jpg 300w, https:\/\/www.doubleflow.com\/wp-content\/uploads\/2023\/11\/cyber-security-awareness-training-5-1-1024x336.jpg 1024w, https:\/\/www.doubleflow.com\/wp-content\/uploads\/2023\/11\/cyber-security-awareness-training-5-1-768x252.jpg 768w, https:\/\/www.doubleflow.com\/wp-content\/uploads\/2023\/11\/cyber-security-awareness-training-5-1-1536x504.jpg 1536w, https:\/\/www.doubleflow.com\/wp-content\/uploads\/2023\/11\/cyber-security-awareness-training-5-1-2048x672.jpg 2048w\" sizes=\"auto, (max-width: 2560px) 100vw, 2560px\" \/>\n              <\/div>\n            <\/div>\n          [\/vc_column][\/vc_row][vc_row el_class=&#8221;vc_hidden-sm vc_hidden-xs&#8221;][vc_column][vc_empty_space][\/vc_column][\/vc_row][vc_row el_class=&#8221;vc_hidden-sm vc_hidden-xs&#8221;][vc_column width=&#8221;1\/6&#8243;][vc_single_image image=&#8221;39874&#8243; img_size=&#8221;200&#215;150&#8243;][\/vc_column][vc_column width=&#8221;1\/6&#8243;][vc_single_image image=&#8221;39996&#8243; img_size=&#8221;200&#215;150&#8243;][\/vc_column][vc_column width=&#8221;1\/6&#8243;][vc_single_image image=&#8221;39998&#8243; img_size=&#8221;200&#215;150&#8243;][\/vc_column][vc_column width=&#8221;1\/6&#8243;][vc_single_image image=&#8221;40002&#8243; img_size=&#8221;200&#215;150&#8243;][\/vc_column][vc_column width=&#8221;1\/6&#8243;][vc_single_image image=&#8221;39878&#8243; img_size=&#8221;200&#215;150&#8243;][\/vc_column][vc_column width=&#8221;1\/6&#8243;][vc_single_image image=&#8221;40007&#8243; img_size=&#8221;200&#215;150&#8243;][\/vc_column][\/vc_row][vc_row el_class=&#8221;vc_hidden-sm vc_hidden-xs&#8221;][vc_column][vc_empty_space][\/vc_column][\/vc_row][\/vc_section]<\/p>\n<\/section>","protected":false},"excerpt":{"rendered":"<p>[vc_section el_class=&#8221;vc_hidden-sm vc_hidden-xs rounded-images&#8221;][vc_row][vc_column][vc_column_text] Se v\u00e5ra videos [\/vc_column_text][\/vc_column][\/vc_row][vc_row][vc_column][vc_raw_html]JTNDZGl2JTIwc3R5bGUlM0QlMjJwYWRkaW5nJTNBNTYuMjUlMjUlMjAwJTIwMCUyMDAlM0Jwb3NpdGlvbiUzQXJlbGF0aXZlJTNCJTIyJTNFJTNDaWZyYW1lJTIwc3JjJTNEJTIyaHR0cHMlM0ElMkYlMkZwbGF5ZXIudmltZW8uY29tJTJGdmlkZW8lMkYxMTY5OTE2MDgyJTNGaCUzRGE4YmYzNDBiMWMlMjZhbXAlM0JiYWRnZSUzRDAlMjZhbXAlM0JhdXRvcGF1c2UlM0QwJTI2YW1wJTNCcGxheWVyX2lkJTNEMCUyNmFtcCUzQmFwcF9pZCUzRDU4NDc5JTIyJTIwZnJhbWVib3JkZXIlM0QlMjIwJTIyJTIwYWxsb3clM0QlMjJhdXRvcGxheSUzQiUyMGZ1bGxzY3JlZW4lM0IlMjBwaWN0dXJlLWluLXBpY3R1cmUlM0IlMjBjbGlwYm9hcmQtd3JpdGUlM0IlMjBlbmNyeXB0ZWQtbWVkaWElM0IlMjB3ZWItc2hhcmUlMjIlMjByZWZlcnJlcnBvbGljeSUzRCUyMnN0cmljdC1vcmlnaW4td2hlbi1jcm9zcy1vcmlnaW4lMjIlMjBzdHlsZSUzRCUyMnBvc2l0aW9uJTNBYWJzb2x1dGUlM0J0b3AlM0EwJTNCbGVmdCUzQTAlM0J3aWR0aCUzQTEwMCUyNSUzQmhlaWdodCUzQTEwMCUyNSUzQiUyMiUyMHRpdGxlJTNEJTIyVXRiaWxkbmluZ2FyJTIwaSUyMEluZm9ybWF0aW9uc3MlQzMlQTRrZXJoZXQlMjBmJUMzJUI2ciUyMGFuc3QlQzMlQTRsbGRhJTIyJTNFJTNDJTJGaWZyYW1lJTNFJTNDJTJGZGl2JTNFJTNDc2NyaXB0JTIwc3JjJTNEJTIyaHR0cHMlM0ElMkYlMkZwbGF5ZXIudmltZW8uY29tJTJGYXBpJTJGcGxheWVyLmpzJTIyJTNFJTNDJTJGc2NyaXB0JTNF[\/vc_raw_html][\/vc_column][\/vc_row][vc_row][vc_column][vc_empty_space height=&#8221;50px&#8221;][\/vc_column][\/vc_row][vc_row][vc_column][vc_column_text] [\/vc_column_text][\/vc_column][\/vc_row][\/vc_section][vc_section el_class=&#8221;vc_hidden-lg vc_hidden-md&#8221;][vc_row][vc_column][vc_empty_space][\/vc_column][\/vc_row][vc_row][vc_column][vc_column_text] [\/vc_column_text][\/vc_column][\/vc_row][vc_row][vc_column][vc_empty_space][\/vc_column][\/vc_row][vc_row][vc_column][vc_column_text] [\/vc_column_text][\/vc_column][\/vc_row][vc_row][vc_column][vc_empty_space height=&#8221;25px&#8221;][\/vc_column][\/vc_row][\/vc_section][vc_section][vc_row][vc_column][\/vc_column][\/vc_row][\/vc_section][vc_section ftw_bg_colour=&#8221;bg&#8211;grey&#8221; el_class=&#8221;rounded-image&#8221;][vc_row full_width=&#8221;stretch_row&#8221; el_class=&#8221;vc_hidden-sm vc_hidden-xs rounded-images&#8221;][vc_column][\/vc_column][\/vc_row][vc_row el_class=&#8221;vc_hidden-sm vc_hidden-xs&#8221;][vc_column][vc_empty_space][\/vc_column][\/vc_row][vc_row el_class=&#8221;vc_hidden-sm vc_hidden-xs&#8221;][vc_column width=&#8221;1\/6&#8243;][vc_single_image image=&#8221;39874&#8243; img_size=&#8221;200&#215;150&#8243;][\/vc_column][vc_column width=&#8221;1\/6&#8243;][vc_single_image image=&#8221;39996&#8243; img_size=&#8221;200&#215;150&#8243;][\/vc_column][vc_column width=&#8221;1\/6&#8243;][vc_single_image image=&#8221;39998&#8243; img_size=&#8221;200&#215;150&#8243;][\/vc_column][vc_column width=&#8221;1\/6&#8243;][vc_single_image image=&#8221;40002&#8243; img_size=&#8221;200&#215;150&#8243;][\/vc_column][vc_column width=&#8221;1\/6&#8243;][vc_single_image image=&#8221;39878&#8243; img_size=&#8221;200&#215;150&#8243;][\/vc_column][vc_column width=&#8221;1\/6&#8243;][vc_single_image image=&#8221;40007&#8243; img_size=&#8221;200&#215;150&#8243;][\/vc_column][\/vc_row][vc_row el_class=&#8221;vc_hidden-sm vc_hidden-xs&#8221;][vc_column][vc_empty_space][\/vc_column][\/vc_row][\/vc_section]<\/p>\n","protected":false},"author":2,"featured_media":39812,"parent":0,"menu_order":50,"comment_status":"closed","ping_status":"closed","template":"","meta":{"_acf_changed":false,"inline_featured_image":false,"footnotes":""},"class_list":["post-42277","page","type-page","status-publish","has-post-thumbnail","hentry"],"acf":[],"yoast_head":"<!-- This site is optimized with the Yoast SEO plugin v27.3 - https:\/\/yoast.com\/product\/yoast-seo-wordpress\/ -->\n<title>Video Demo | Doubleflow Cybers\u00e4kerhetsutbildning f\u00f6r medarbetare<\/title>\n<meta name=\"description\" content=\"Se v\u00e5ra videos om informationss\u00e4kerhetsutbildning f\u00f6r ant\u00e4llda.\" \/>\n<meta name=\"robots\" content=\"index, follow, max-snippet:-1, max-image-preview:large, max-video-preview:-1\" \/>\n<link rel=\"canonical\" href=\"https:\/\/www.doubleflow.com\/sv\/demo-video\/\" \/>\n<meta property=\"og:locale\" content=\"sv_SE\" \/>\n<meta property=\"og:type\" content=\"article\" \/>\n<meta property=\"og:title\" content=\"Video Demo | Doubleflow Cybers\u00e4kerhetsutbildning f\u00f6r medarbetare\" \/>\n<meta property=\"og:description\" content=\"Se v\u00e5ra videos om informationss\u00e4kerhetsutbildning f\u00f6r ant\u00e4llda.\" \/>\n<meta property=\"og:url\" content=\"https:\/\/www.doubleflow.com\/sv\/demo-video\/\" \/>\n<meta property=\"og:site_name\" content=\"Doubleflow\" \/>\n<meta property=\"article:modified_time\" content=\"2026-03-18T15:30:31+00:00\" \/>\n<meta property=\"og:image\" content=\"https:\/\/www.doubleflow.com\/wp-content\/uploads\/2024\/05\/Cybersecurity-Game-2.jpg\" \/>\n\t<meta property=\"og:image:width\" content=\"1766\" \/>\n\t<meta property=\"og:image:height\" content=\"1177\" \/>\n\t<meta property=\"og:image:type\" content=\"image\/jpeg\" \/>\n<meta name=\"twitter:card\" content=\"summary_large_image\" \/>\n<meta name=\"twitter:label1\" content=\"Ber\u00e4knad l\u00e4stid\" \/>\n\t<meta name=\"twitter:data1\" content=\"2 minuter\" \/>\n<script type=\"application\/ld+json\" class=\"yoast-schema-graph\">{\"@context\":\"https:\\\/\\\/schema.org\",\"@graph\":[{\"@type\":\"WebPage\",\"@id\":\"https:\\\/\\\/www.doubleflow.com\\\/sv\\\/demo-video\\\/\",\"url\":\"https:\\\/\\\/www.doubleflow.com\\\/sv\\\/demo-video\\\/\",\"name\":\"Video Demo | Doubleflow Cybers\u00e4kerhetsutbildning f\u00f6r medarbetare\",\"isPartOf\":{\"@id\":\"https:\\\/\\\/www.doubleflow.com\\\/#website\"},\"primaryImageOfPage\":{\"@id\":\"https:\\\/\\\/www.doubleflow.com\\\/sv\\\/demo-video\\\/#primaryimage\"},\"image\":{\"@id\":\"https:\\\/\\\/www.doubleflow.com\\\/sv\\\/demo-video\\\/#primaryimage\"},\"thumbnailUrl\":\"https:\\\/\\\/www.doubleflow.com\\\/wp-content\\\/uploads\\\/2024\\\/05\\\/Cybersecurity-Game-2.jpg\",\"datePublished\":\"2024-07-09T05:58:09+00:00\",\"dateModified\":\"2026-03-18T15:30:31+00:00\",\"description\":\"Se v\u00e5ra videos om informationss\u00e4kerhetsutbildning f\u00f6r ant\u00e4llda.\",\"breadcrumb\":{\"@id\":\"https:\\\/\\\/www.doubleflow.com\\\/sv\\\/demo-video\\\/#breadcrumb\"},\"inLanguage\":\"sv-SE\",\"potentialAction\":[{\"@type\":\"ReadAction\",\"target\":[\"https:\\\/\\\/www.doubleflow.com\\\/sv\\\/demo-video\\\/\"]}]},{\"@type\":\"ImageObject\",\"inLanguage\":\"sv-SE\",\"@id\":\"https:\\\/\\\/www.doubleflow.com\\\/sv\\\/demo-video\\\/#primaryimage\",\"url\":\"https:\\\/\\\/www.doubleflow.com\\\/wp-content\\\/uploads\\\/2024\\\/05\\\/Cybersecurity-Game-2.jpg\",\"contentUrl\":\"https:\\\/\\\/www.doubleflow.com\\\/wp-content\\\/uploads\\\/2024\\\/05\\\/Cybersecurity-Game-2.jpg\",\"width\":1766,\"height\":1177,\"caption\":\"Cybersecurity Game for employees\"},{\"@type\":\"BreadcrumbList\",\"@id\":\"https:\\\/\\\/www.doubleflow.com\\\/sv\\\/demo-video\\\/#breadcrumb\",\"itemListElement\":[{\"@type\":\"ListItem\",\"position\":1,\"name\":\"Home\",\"item\":\"https:\\\/\\\/www.doubleflow.com\\\/sv\\\/\"},{\"@type\":\"ListItem\",\"position\":2,\"name\":\"Demo Video\"}]},{\"@type\":\"WebSite\",\"@id\":\"https:\\\/\\\/www.doubleflow.com\\\/#website\",\"url\":\"https:\\\/\\\/www.doubleflow.com\\\/\",\"name\":\"Doubleflow\",\"description\":\"Cybersecurity Awareness Training Platform\",\"publisher\":{\"@id\":\"https:\\\/\\\/www.doubleflow.com\\\/#organization\"},\"potentialAction\":[{\"@type\":\"SearchAction\",\"target\":{\"@type\":\"EntryPoint\",\"urlTemplate\":\"https:\\\/\\\/www.doubleflow.com\\\/?s={search_term_string}\"},\"query-input\":{\"@type\":\"PropertyValueSpecification\",\"valueRequired\":true,\"valueName\":\"search_term_string\"}}],\"inLanguage\":\"sv-SE\"},{\"@type\":\"Organization\",\"@id\":\"https:\\\/\\\/www.doubleflow.com\\\/#organization\",\"name\":\"Doubleflow\",\"url\":\"https:\\\/\\\/www.doubleflow.com\\\/\",\"logo\":{\"@type\":\"ImageObject\",\"inLanguage\":\"sv-SE\",\"@id\":\"https:\\\/\\\/www.doubleflow.com\\\/#\\\/schema\\\/logo\\\/image\\\/\",\"url\":\"https:\\\/\\\/www.doubleflow.com\\\/wp-content\\\/uploads\\\/2022\\\/06\\\/Black-Full-Logo-01.svg\",\"contentUrl\":\"https:\\\/\\\/www.doubleflow.com\\\/wp-content\\\/uploads\\\/2022\\\/06\\\/Black-Full-Logo-01.svg\",\"width\":\"1024\",\"height\":\"1024\",\"caption\":\"Doubleflow\"},\"image\":{\"@id\":\"https:\\\/\\\/www.doubleflow.com\\\/#\\\/schema\\\/logo\\\/image\\\/\"},\"sameAs\":[\"https:\\\/\\\/www.linkedin.com\\\/company\\\/doubleflow\\\/\"]}]}<\/script>\n<!-- \/ Yoast SEO plugin. -->","yoast_head_json":{"title":"Video Demo | Doubleflow Cybers\u00e4kerhetsutbildning f\u00f6r medarbetare","description":"Se v\u00e5ra videos om informationss\u00e4kerhetsutbildning f\u00f6r ant\u00e4llda.","robots":{"index":"index","follow":"follow","max-snippet":"max-snippet:-1","max-image-preview":"max-image-preview:large","max-video-preview":"max-video-preview:-1"},"canonical":"https:\/\/www.doubleflow.com\/sv\/demo-video\/","og_locale":"sv_SE","og_type":"article","og_title":"Video Demo | Doubleflow Cybers\u00e4kerhetsutbildning f\u00f6r medarbetare","og_description":"Se v\u00e5ra videos om informationss\u00e4kerhetsutbildning f\u00f6r ant\u00e4llda.","og_url":"https:\/\/www.doubleflow.com\/sv\/demo-video\/","og_site_name":"Doubleflow","article_modified_time":"2026-03-18T15:30:31+00:00","og_image":[{"width":1766,"height":1177,"url":"https:\/\/www.doubleflow.com\/wp-content\/uploads\/2024\/05\/Cybersecurity-Game-2.jpg","type":"image\/jpeg"}],"twitter_card":"summary_large_image","twitter_misc":{"Ber\u00e4knad l\u00e4stid":"2 minuter"},"schema":{"@context":"https:\/\/schema.org","@graph":[{"@type":"WebPage","@id":"https:\/\/www.doubleflow.com\/sv\/demo-video\/","url":"https:\/\/www.doubleflow.com\/sv\/demo-video\/","name":"Video Demo | Doubleflow Cybers\u00e4kerhetsutbildning f\u00f6r medarbetare","isPartOf":{"@id":"https:\/\/www.doubleflow.com\/#website"},"primaryImageOfPage":{"@id":"https:\/\/www.doubleflow.com\/sv\/demo-video\/#primaryimage"},"image":{"@id":"https:\/\/www.doubleflow.com\/sv\/demo-video\/#primaryimage"},"thumbnailUrl":"https:\/\/www.doubleflow.com\/wp-content\/uploads\/2024\/05\/Cybersecurity-Game-2.jpg","datePublished":"2024-07-09T05:58:09+00:00","dateModified":"2026-03-18T15:30:31+00:00","description":"Se v\u00e5ra videos om informationss\u00e4kerhetsutbildning f\u00f6r ant\u00e4llda.","breadcrumb":{"@id":"https:\/\/www.doubleflow.com\/sv\/demo-video\/#breadcrumb"},"inLanguage":"sv-SE","potentialAction":[{"@type":"ReadAction","target":["https:\/\/www.doubleflow.com\/sv\/demo-video\/"]}]},{"@type":"ImageObject","inLanguage":"sv-SE","@id":"https:\/\/www.doubleflow.com\/sv\/demo-video\/#primaryimage","url":"https:\/\/www.doubleflow.com\/wp-content\/uploads\/2024\/05\/Cybersecurity-Game-2.jpg","contentUrl":"https:\/\/www.doubleflow.com\/wp-content\/uploads\/2024\/05\/Cybersecurity-Game-2.jpg","width":1766,"height":1177,"caption":"Cybersecurity Game for employees"},{"@type":"BreadcrumbList","@id":"https:\/\/www.doubleflow.com\/sv\/demo-video\/#breadcrumb","itemListElement":[{"@type":"ListItem","position":1,"name":"Home","item":"https:\/\/www.doubleflow.com\/sv\/"},{"@type":"ListItem","position":2,"name":"Demo Video"}]},{"@type":"WebSite","@id":"https:\/\/www.doubleflow.com\/#website","url":"https:\/\/www.doubleflow.com\/","name":"Doubleflow","description":"Cybersecurity Awareness Training Platform","publisher":{"@id":"https:\/\/www.doubleflow.com\/#organization"},"potentialAction":[{"@type":"SearchAction","target":{"@type":"EntryPoint","urlTemplate":"https:\/\/www.doubleflow.com\/?s={search_term_string}"},"query-input":{"@type":"PropertyValueSpecification","valueRequired":true,"valueName":"search_term_string"}}],"inLanguage":"sv-SE"},{"@type":"Organization","@id":"https:\/\/www.doubleflow.com\/#organization","name":"Doubleflow","url":"https:\/\/www.doubleflow.com\/","logo":{"@type":"ImageObject","inLanguage":"sv-SE","@id":"https:\/\/www.doubleflow.com\/#\/schema\/logo\/image\/","url":"https:\/\/www.doubleflow.com\/wp-content\/uploads\/2022\/06\/Black-Full-Logo-01.svg","contentUrl":"https:\/\/www.doubleflow.com\/wp-content\/uploads\/2022\/06\/Black-Full-Logo-01.svg","width":"1024","height":"1024","caption":"Doubleflow"},"image":{"@id":"https:\/\/www.doubleflow.com\/#\/schema\/logo\/image\/"},"sameAs":["https:\/\/www.linkedin.com\/company\/doubleflow\/"]}]}},"_links":{"self":[{"href":"https:\/\/www.doubleflow.com\/sv\/wp-json\/wp\/v2\/pages\/42277","targetHints":{"allow":["GET"]}}],"collection":[{"href":"https:\/\/www.doubleflow.com\/sv\/wp-json\/wp\/v2\/pages"}],"about":[{"href":"https:\/\/www.doubleflow.com\/sv\/wp-json\/wp\/v2\/types\/page"}],"author":[{"embeddable":true,"href":"https:\/\/www.doubleflow.com\/sv\/wp-json\/wp\/v2\/users\/2"}],"replies":[{"embeddable":true,"href":"https:\/\/www.doubleflow.com\/sv\/wp-json\/wp\/v2\/comments?post=42277"}],"version-history":[{"count":4,"href":"https:\/\/www.doubleflow.com\/sv\/wp-json\/wp\/v2\/pages\/42277\/revisions"}],"predecessor-version":[{"id":42279,"href":"https:\/\/www.doubleflow.com\/sv\/wp-json\/wp\/v2\/pages\/42277\/revisions\/42279"}],"wp:featuredmedia":[{"embeddable":true,"href":"https:\/\/www.doubleflow.com\/sv\/wp-json\/wp\/v2\/media\/39812"}],"wp:attachment":[{"href":"https:\/\/www.doubleflow.com\/sv\/wp-json\/wp\/v2\/media?parent=42277"}],"curies":[{"name":"wp","href":"https:\/\/api.w.org\/{rel}","templated":true}]}}